{"id":1091,"date":"2019-09-11T12:46:21","date_gmt":"2019-09-11T12:46:21","guid":{"rendered":"http:\/\/feriebolig.labify.online\/property-exhibition-2\/"},"modified":"2024-09-20T17:30:41","modified_gmt":"2024-09-20T15:30:41","slug":"property-exhibition-2","status":"publish","type":"page","link":"https:\/\/ferieboligutland.no\/en\/property-exhibition-2\/","title":{"rendered":"Property Exhibition"},"content":{"rendered":"\t\t<div data-elementor-type=\"wp-page\" data-elementor-id=\"1091\" class=\"elementor elementor-1091\" data-elementor-settings=\"{&quot;element_pack_global_tooltip_width&quot;:{&quot;unit&quot;:&quot;px&quot;,&quot;size&quot;:&quot;&quot;,&quot;sizes&quot;:[]},&quot;element_pack_global_tooltip_width_tablet&quot;:{&quot;unit&quot;:&quot;px&quot;,&quot;size&quot;:&quot;&quot;,&quot;sizes&quot;:[]},&quot;element_pack_global_tooltip_width_mobile&quot;:{&quot;unit&quot;:&quot;px&quot;,&quot;size&quot;:&quot;&quot;,&quot;sizes&quot;:[]},&quot;element_pack_global_tooltip_padding&quot;:{&quot;unit&quot;:&quot;px&quot;,&quot;top&quot;:&quot;&quot;,&quot;right&quot;:&quot;&quot;,&quot;bottom&quot;:&quot;&quot;,&quot;left&quot;:&quot;&quot;,&quot;isLinked&quot;:true},&quot;element_pack_global_tooltip_padding_tablet&quot;:{&quot;unit&quot;:&quot;px&quot;,&quot;top&quot;:&quot;&quot;,&quot;right&quot;:&quot;&quot;,&quot;bottom&quot;:&quot;&quot;,&quot;left&quot;:&quot;&quot;,&quot;isLinked&quot;:true},&quot;element_pack_global_tooltip_padding_mobile&quot;:{&quot;unit&quot;:&quot;px&quot;,&quot;top&quot;:&quot;&quot;,&quot;right&quot;:&quot;&quot;,&quot;bottom&quot;:&quot;&quot;,&quot;left&quot;:&quot;&quot;,&quot;isLinked&quot;:true},&quot;element_pack_global_tooltip_border_radius&quot;:{&quot;unit&quot;:&quot;px&quot;,&quot;top&quot;:&quot;&quot;,&quot;right&quot;:&quot;&quot;,&quot;bottom&quot;:&quot;&quot;,&quot;left&quot;:&quot;&quot;,&quot;isLinked&quot;:true},&quot;element_pack_global_tooltip_border_radius_tablet&quot;:{&quot;unit&quot;:&quot;px&quot;,&quot;top&quot;:&quot;&quot;,&quot;right&quot;:&quot;&quot;,&quot;bottom&quot;:&quot;&quot;,&quot;left&quot;:&quot;&quot;,&quot;isLinked&quot;:true},&quot;element_pack_global_tooltip_border_radius_mobile&quot;:{&quot;unit&quot;:&quot;px&quot;,&quot;top&quot;:&quot;&quot;,&quot;right&quot;:&quot;&quot;,&quot;bottom&quot;:&quot;&quot;,&quot;left&quot;:&quot;&quot;,&quot;isLinked&quot;:true}}\" data-elementor-post-type=\"page\">\n\t\t\t\t\t\t<section class=\"elementor-section elementor-top-section elementor-element elementor-element-17e48c2 elementor-section-boxed elementor-section-height-default elementor-section-height-default\" data-id=\"17e48c2\" data-element_type=\"section\" data-e-type=\"section\">\n\t\t\t\t\t\t<div class=\"elementor-container elementor-column-gap-no\">\n\t\t\t\t\t<div class=\"elementor-column elementor-col-100 elementor-top-column elementor-element elementor-element-6f301df\" data-id=\"6f301df\" data-element_type=\"column\" data-e-type=\"column\">\n\t\t\t<div class=\"elementor-widget-wrap elementor-element-populated\">\n\t\t\t\t\t\t<div class=\"elementor-element elementor-element-e1d0884 elementor-widget elementor-widget-heading\" data-id=\"e1d0884\" data-element_type=\"widget\" data-e-type=\"widget\" data-widget_type=\"heading.default\">\n\t\t\t\t<div class=\"elementor-widget-container\">\n\t\t\t\t\t<h1 class=\"elementor-heading-title elementor-size-default\">Property Exhibition<\/h1>\t\t\t\t<\/div>\n\t\t\t\t<\/div>\n\t\t\t\t<div class=\"elementor-element elementor-element-c4d476a elementor-position-right elementor-vertical-align-middle elementor-widget elementor-widget-image-box\" data-id=\"c4d476a\" data-element_type=\"widget\" data-e-type=\"widget\" data-widget_type=\"image-box.default\">\n\t\t\t\t<div class=\"elementor-widget-container\">\n\t\t\t\t\t<div class=\"elementor-image-box-wrapper\"><figure class=\"elementor-image-box-img\"><img fetchpriority=\"high\" decoding=\"async\" width=\"640\" height=\"640\" src=\"https:\/\/ferieboligutland.no\/wp-content\/uploads\/2019\/08\/19554936_1820597967972853_5594084587708380587_n-Gjenopprettet-Gjenopprettet-Gjenopprettet.jpg\" class=\"attachment-full size-full wp-image-323\" alt=\"\" srcset=\"https:\/\/ferieboligutland.no\/wp-content\/uploads\/2019\/08\/19554936_1820597967972853_5594084587708380587_n-Gjenopprettet-Gjenopprettet-Gjenopprettet.jpg 640w, https:\/\/ferieboligutland.no\/wp-content\/uploads\/2019\/08\/19554936_1820597967972853_5594084587708380587_n-Gjenopprettet-Gjenopprettet-Gjenopprettet-150x150.jpg 150w, https:\/\/ferieboligutland.no\/wp-content\/uploads\/2019\/08\/19554936_1820597967972853_5594084587708380587_n-Gjenopprettet-Gjenopprettet-Gjenopprettet-300x300.jpg 300w\" sizes=\"(max-width: 640px) 100vw, 640px\" \/><\/figure><div class=\"elementor-image-box-content\"><h3 class=\"elementor-image-box-title\">Property Exhibition<\/h3><p class=\"elementor-image-box-description\"><b>Oslo<\/b><br><br><b>pga Covid 19 avholdes det ingen boligmesser. Men v\u00e5rt kontor i Oslo er \u00e5pent etter avtale. Vi har ogs\u00e5 video-visning av boliger i Spania, og kan presentere nye og brukte boliger via videopresentasjon.<br><br><b><span style=\"font-family: Finntype, Arial, Helvetica, sans-serif;font-size: 16px;white-space: normal\">Sted: Feriebolig Utland, Nedre Vollgate 4, 0158 Oslo (300 m fra Stortinget)<\/span><br><\/b><br>&nbsp;<br><p>Velkommen innom for presentasjon av eiendommer og prosjekter p\u00e5 Costa Blanca og Costa del Sol<\/p><p>V\u00e5rt kontor i Nedre Vollgate 4, Oslo er \u00e5pent mandag-fredag etter avtale.&nbsp; <\/p><\/div><\/div>\t\t\t\t<\/div>\n\t\t\t\t<\/div>\n\t\t\t\t\t<\/div>\n\t\t<\/div>\n\t\t\t\t\t<\/div>\n\t\t<\/section>\n\t\t\t\t<\/div>\n\t\t","protected":false},"excerpt":{"rendered":"<p>Property Exhibition Property Exhibition Oslo pga Covid 19 avholdes det ingen boligmesser. Men v\u00e5rt kontor i Oslo er \u00e5pent etter avtale. Vi har ogs\u00e5 video-visning av boliger i Spania, og kan presentere nye og brukte boliger via videopresentasjon. Sted: Feriebolig Utland, Nedre Vollgate 4, 0158 Oslo (300 m fra Stortinget)&nbsp; Velkommen innom for presentasjon av [&hellip;]<\/p>\n","protected":false},"author":1,"featured_media":0,"parent":0,"menu_order":0,"comment_status":"closed","ping_status":"closed","template":"elementor_header_footer","meta":{"_acf_changed":false,"footnotes":""},"class_list":["post-1091","page","type-page","status-publish","hentry"],"acf":[],"yoast_head":"<!-- This site is optimized with the Yoast SEO plugin v27.5 - https:\/\/yoast.com\/product\/yoast-seo-wordpress\/ -->\n<title>Property Exhibition - Feriebolig Utland<\/title>\n<meta name=\"robots\" content=\"index, follow, max-snippet:-1, max-image-preview:large, max-video-preview:-1\" \/>\n<link rel=\"canonical\" href=\"https:\/\/ferieboligutland.no\/en\/property-exhibition-2\/\" \/>\n<meta property=\"og:locale\" content=\"en_US\" \/>\n<meta property=\"og:type\" content=\"article\" \/>\n<meta property=\"og:title\" content=\"Property Exhibition - Feriebolig Utland\" \/>\n<meta property=\"og:description\" content=\"Property Exhibition Property Exhibition Oslo pga Covid 19 avholdes det ingen boligmesser. Men v\u00e5rt kontor i Oslo er \u00e5pent etter avtale. Vi har ogs\u00e5 video-visning av boliger i Spania, og kan presentere nye og brukte boliger via videopresentasjon. Sted: Feriebolig Utland, Nedre Vollgate 4, 0158 Oslo (300 m fra Stortinget)&nbsp; Velkommen innom for presentasjon av [&hellip;]\" \/>\n<meta property=\"og:url\" content=\"https:\/\/ferieboligutland.no\/en\/property-exhibition-2\/\" \/>\n<meta property=\"og:site_name\" content=\"Feriebolig Utland\" \/>\n<meta property=\"article:publisher\" content=\"https:\/\/www.facebook.com\/ferieboligutland\" \/>\n<meta property=\"article:modified_time\" content=\"2024-09-20T15:30:41+00:00\" \/>\n<meta property=\"og:image\" content=\"https:\/\/ferieboligutland.estatebud.dev\/wp-content\/uploads\/2019\/08\/19554936_1820597967972853_5594084587708380587_n-Gjenopprettet-Gjenopprettet-Gjenopprettet.jpg\" \/>\n<meta name=\"twitter:card\" content=\"summary_large_image\" \/>\n<script type=\"application\/ld+json\" class=\"yoast-schema-graph\">{\"@context\":\"https:\\\/\\\/schema.org\",\"@graph\":[{\"@type\":\"WebPage\",\"@id\":\"https:\\\/\\\/ferieboligutland.no\\\/en\\\/property-exhibition-2\\\/\",\"url\":\"https:\\\/\\\/ferieboligutland.no\\\/en\\\/property-exhibition-2\\\/\",\"name\":\"Property Exhibition - Feriebolig Utland\",\"isPartOf\":{\"@id\":\"https:\\\/\\\/ferieboligutland.no\\\/#website\"},\"primaryImageOfPage\":{\"@id\":\"https:\\\/\\\/ferieboligutland.no\\\/en\\\/property-exhibition-2\\\/#primaryimage\"},\"image\":{\"@id\":\"https:\\\/\\\/ferieboligutland.no\\\/en\\\/property-exhibition-2\\\/#primaryimage\"},\"thumbnailUrl\":\"https:\\\/\\\/ferieboligutland.estatebud.dev\\\/wp-content\\\/uploads\\\/2019\\\/08\\\/19554936_1820597967972853_5594084587708380587_n-Gjenopprettet-Gjenopprettet-Gjenopprettet.jpg\",\"datePublished\":\"2019-09-11T12:46:21+00:00\",\"dateModified\":\"2024-09-20T15:30:41+00:00\",\"breadcrumb\":{\"@id\":\"https:\\\/\\\/ferieboligutland.no\\\/en\\\/property-exhibition-2\\\/#breadcrumb\"},\"inLanguage\":\"en-US\",\"potentialAction\":[{\"@type\":\"ReadAction\",\"target\":[\"https:\\\/\\\/ferieboligutland.no\\\/en\\\/property-exhibition-2\\\/\"]}]},{\"@type\":\"ImageObject\",\"inLanguage\":\"en-US\",\"@id\":\"https:\\\/\\\/ferieboligutland.no\\\/en\\\/property-exhibition-2\\\/#primaryimage\",\"url\":\"https:\\\/\\\/ferieboligutland.estatebud.dev\\\/wp-content\\\/uploads\\\/2019\\\/08\\\/19554936_1820597967972853_5594084587708380587_n-Gjenopprettet-Gjenopprettet-Gjenopprettet.jpg\",\"contentUrl\":\"https:\\\/\\\/ferieboligutland.estatebud.dev\\\/wp-content\\\/uploads\\\/2019\\\/08\\\/19554936_1820597967972853_5594084587708380587_n-Gjenopprettet-Gjenopprettet-Gjenopprettet.jpg\"},{\"@type\":\"BreadcrumbList\",\"@id\":\"https:\\\/\\\/ferieboligutland.no\\\/en\\\/property-exhibition-2\\\/#breadcrumb\",\"itemListElement\":[{\"@type\":\"ListItem\",\"position\":1,\"name\":\"Home\",\"item\":\"https:\\\/\\\/ferieboligutland.no\\\/\"},{\"@type\":\"ListItem\",\"position\":2,\"name\":\"Property Exhibition\"}]},{\"@type\":\"WebSite\",\"@id\":\"https:\\\/\\\/ferieboligutland.no\\\/#website\",\"url\":\"https:\\\/\\\/ferieboligutland.no\\\/\",\"name\":\"Feriebolig Utland\",\"description\":\"Service - Kunnskap - Trygghet\",\"publisher\":{\"@id\":\"https:\\\/\\\/ferieboligutland.no\\\/#organization\"},\"potentialAction\":[{\"@type\":\"SearchAction\",\"target\":{\"@type\":\"EntryPoint\",\"urlTemplate\":\"https:\\\/\\\/ferieboligutland.no\\\/?s={search_term_string}\"},\"query-input\":{\"@type\":\"PropertyValueSpecification\",\"valueRequired\":true,\"valueName\":\"search_term_string\"}}],\"inLanguage\":\"en-US\"},{\"@type\":\"Organization\",\"@id\":\"https:\\\/\\\/ferieboligutland.no\\\/#organization\",\"name\":\"Feriebolig Utland\",\"url\":\"https:\\\/\\\/ferieboligutland.no\\\/\",\"logo\":{\"@type\":\"ImageObject\",\"inLanguage\":\"en-US\",\"@id\":\"https:\\\/\\\/ferieboligutland.no\\\/#\\\/schema\\\/logo\\\/image\\\/\",\"url\":\"https:\\\/\\\/ferieboligutland.no\\\/wp-content\\\/uploads\\\/2024\\\/09\\\/logo.svg\",\"contentUrl\":\"https:\\\/\\\/ferieboligutland.no\\\/wp-content\\\/uploads\\\/2024\\\/09\\\/logo.svg\",\"caption\":\"Feriebolig Utland\"},\"image\":{\"@id\":\"https:\\\/\\\/ferieboligutland.no\\\/#\\\/schema\\\/logo\\\/image\\\/\"},\"sameAs\":[\"https:\\\/\\\/www.facebook.com\\\/ferieboligutland\"]}]}<\/script>\n<!-- \/ Yoast SEO plugin. -->","yoast_head_json":{"title":"Property Exhibition - Feriebolig Utland","robots":{"index":"index","follow":"follow","max-snippet":"max-snippet:-1","max-image-preview":"max-image-preview:large","max-video-preview":"max-video-preview:-1"},"canonical":"https:\/\/ferieboligutland.no\/en\/property-exhibition-2\/","og_locale":"en_US","og_type":"article","og_title":"Property Exhibition - Feriebolig Utland","og_description":"Property Exhibition Property Exhibition Oslo pga Covid 19 avholdes det ingen boligmesser. Men v\u00e5rt kontor i Oslo er \u00e5pent etter avtale. Vi har ogs\u00e5 video-visning av boliger i Spania, og kan presentere nye og brukte boliger via videopresentasjon. Sted: Feriebolig Utland, Nedre Vollgate 4, 0158 Oslo (300 m fra Stortinget)&nbsp; Velkommen innom for presentasjon av [&hellip;]","og_url":"https:\/\/ferieboligutland.no\/en\/property-exhibition-2\/","og_site_name":"Feriebolig Utland","article_publisher":"https:\/\/www.facebook.com\/ferieboligutland","article_modified_time":"2024-09-20T15:30:41+00:00","og_image":[{"url":"https:\/\/ferieboligutland.estatebud.dev\/wp-content\/uploads\/2019\/08\/19554936_1820597967972853_5594084587708380587_n-Gjenopprettet-Gjenopprettet-Gjenopprettet.jpg","type":"","width":"","height":""}],"twitter_card":"summary_large_image","schema":{"@context":"https:\/\/schema.org","@graph":[{"@type":"WebPage","@id":"https:\/\/ferieboligutland.no\/en\/property-exhibition-2\/","url":"https:\/\/ferieboligutland.no\/en\/property-exhibition-2\/","name":"Property Exhibition - Feriebolig Utland","isPartOf":{"@id":"https:\/\/ferieboligutland.no\/#website"},"primaryImageOfPage":{"@id":"https:\/\/ferieboligutland.no\/en\/property-exhibition-2\/#primaryimage"},"image":{"@id":"https:\/\/ferieboligutland.no\/en\/property-exhibition-2\/#primaryimage"},"thumbnailUrl":"https:\/\/ferieboligutland.estatebud.dev\/wp-content\/uploads\/2019\/08\/19554936_1820597967972853_5594084587708380587_n-Gjenopprettet-Gjenopprettet-Gjenopprettet.jpg","datePublished":"2019-09-11T12:46:21+00:00","dateModified":"2024-09-20T15:30:41+00:00","breadcrumb":{"@id":"https:\/\/ferieboligutland.no\/en\/property-exhibition-2\/#breadcrumb"},"inLanguage":"en-US","potentialAction":[{"@type":"ReadAction","target":["https:\/\/ferieboligutland.no\/en\/property-exhibition-2\/"]}]},{"@type":"ImageObject","inLanguage":"en-US","@id":"https:\/\/ferieboligutland.no\/en\/property-exhibition-2\/#primaryimage","url":"https:\/\/ferieboligutland.estatebud.dev\/wp-content\/uploads\/2019\/08\/19554936_1820597967972853_5594084587708380587_n-Gjenopprettet-Gjenopprettet-Gjenopprettet.jpg","contentUrl":"https:\/\/ferieboligutland.estatebud.dev\/wp-content\/uploads\/2019\/08\/19554936_1820597967972853_5594084587708380587_n-Gjenopprettet-Gjenopprettet-Gjenopprettet.jpg"},{"@type":"BreadcrumbList","@id":"https:\/\/ferieboligutland.no\/en\/property-exhibition-2\/#breadcrumb","itemListElement":[{"@type":"ListItem","position":1,"name":"Home","item":"https:\/\/ferieboligutland.no\/"},{"@type":"ListItem","position":2,"name":"Property Exhibition"}]},{"@type":"WebSite","@id":"https:\/\/ferieboligutland.no\/#website","url":"https:\/\/ferieboligutland.no\/","name":"Feriebolig Utland","description":"Service - Kunnskap - Trygghet","publisher":{"@id":"https:\/\/ferieboligutland.no\/#organization"},"potentialAction":[{"@type":"SearchAction","target":{"@type":"EntryPoint","urlTemplate":"https:\/\/ferieboligutland.no\/?s={search_term_string}"},"query-input":{"@type":"PropertyValueSpecification","valueRequired":true,"valueName":"search_term_string"}}],"inLanguage":"en-US"},{"@type":"Organization","@id":"https:\/\/ferieboligutland.no\/#organization","name":"Feriebolig Utland","url":"https:\/\/ferieboligutland.no\/","logo":{"@type":"ImageObject","inLanguage":"en-US","@id":"https:\/\/ferieboligutland.no\/#\/schema\/logo\/image\/","url":"https:\/\/ferieboligutland.no\/wp-content\/uploads\/2024\/09\/logo.svg","contentUrl":"https:\/\/ferieboligutland.no\/wp-content\/uploads\/2024\/09\/logo.svg","caption":"Feriebolig Utland"},"image":{"@id":"https:\/\/ferieboligutland.no\/#\/schema\/logo\/image\/"},"sameAs":["https:\/\/www.facebook.com\/ferieboligutland"]}]}},"_links":{"self":[{"href":"https:\/\/ferieboligutland.no\/en\/wp-json\/wp\/v2\/pages\/1091","targetHints":{"allow":["GET"]}}],"collection":[{"href":"https:\/\/ferieboligutland.no\/en\/wp-json\/wp\/v2\/pages"}],"about":[{"href":"https:\/\/ferieboligutland.no\/en\/wp-json\/wp\/v2\/types\/page"}],"author":[{"embeddable":true,"href":"https:\/\/ferieboligutland.no\/en\/wp-json\/wp\/v2\/users\/1"}],"replies":[{"embeddable":true,"href":"https:\/\/ferieboligutland.no\/en\/wp-json\/wp\/v2\/comments?post=1091"}],"version-history":[{"count":17,"href":"https:\/\/ferieboligutland.no\/en\/wp-json\/wp\/v2\/pages\/1091\/revisions"}],"predecessor-version":[{"id":3343,"href":"https:\/\/ferieboligutland.no\/en\/wp-json\/wp\/v2\/pages\/1091\/revisions\/3343"}],"wp:attachment":[{"href":"https:\/\/ferieboligutland.no\/en\/wp-json\/wp\/v2\/media?parent=1091"}],"curies":[{"name":"wp","href":"https:\/\/api.w.org\/{rel}","templated":true}]}}