{"id":1125,"date":"2019-09-12T09:13:57","date_gmt":"2019-09-12T09:13:57","guid":{"rendered":"http:\/\/feriebolig.labify.online\/contact-us\/"},"modified":"2026-01-26T15:20:56","modified_gmt":"2026-01-26T13:20:56","slug":"contact-us","status":"publish","type":"page","link":"https:\/\/ferieboligutland.no\/en\/contact-us\/","title":{"rendered":"Contact us"},"content":{"rendered":"\t\t<div data-elementor-type=\"wp-post\" data-elementor-id=\"1125\" class=\"elementor elementor-1125 elementor-111\" data-elementor-settings=\"{&quot;element_pack_global_tooltip_width&quot;:{&quot;unit&quot;:&quot;px&quot;,&quot;size&quot;:&quot;&quot;,&quot;sizes&quot;:[]},&quot;element_pack_global_tooltip_width_tablet&quot;:{&quot;unit&quot;:&quot;px&quot;,&quot;size&quot;:&quot;&quot;,&quot;sizes&quot;:[]},&quot;element_pack_global_tooltip_width_mobile&quot;:{&quot;unit&quot;:&quot;px&quot;,&quot;size&quot;:&quot;&quot;,&quot;sizes&quot;:[]},&quot;element_pack_global_tooltip_padding&quot;:{&quot;unit&quot;:&quot;px&quot;,&quot;top&quot;:&quot;&quot;,&quot;right&quot;:&quot;&quot;,&quot;bottom&quot;:&quot;&quot;,&quot;left&quot;:&quot;&quot;,&quot;isLinked&quot;:true},&quot;element_pack_global_tooltip_padding_tablet&quot;:{&quot;unit&quot;:&quot;px&quot;,&quot;top&quot;:&quot;&quot;,&quot;right&quot;:&quot;&quot;,&quot;bottom&quot;:&quot;&quot;,&quot;left&quot;:&quot;&quot;,&quot;isLinked&quot;:true},&quot;element_pack_global_tooltip_padding_mobile&quot;:{&quot;unit&quot;:&quot;px&quot;,&quot;top&quot;:&quot;&quot;,&quot;right&quot;:&quot;&quot;,&quot;bottom&quot;:&quot;&quot;,&quot;left&quot;:&quot;&quot;,&quot;isLinked&quot;:true},&quot;element_pack_global_tooltip_border_radius&quot;:{&quot;unit&quot;:&quot;px&quot;,&quot;top&quot;:&quot;&quot;,&quot;right&quot;:&quot;&quot;,&quot;bottom&quot;:&quot;&quot;,&quot;left&quot;:&quot;&quot;,&quot;isLinked&quot;:true},&quot;element_pack_global_tooltip_border_radius_tablet&quot;:{&quot;unit&quot;:&quot;px&quot;,&quot;top&quot;:&quot;&quot;,&quot;right&quot;:&quot;&quot;,&quot;bottom&quot;:&quot;&quot;,&quot;left&quot;:&quot;&quot;,&quot;isLinked&quot;:true},&quot;element_pack_global_tooltip_border_radius_mobile&quot;:{&quot;unit&quot;:&quot;px&quot;,&quot;top&quot;:&quot;&quot;,&quot;right&quot;:&quot;&quot;,&quot;bottom&quot;:&quot;&quot;,&quot;left&quot;:&quot;&quot;,&quot;isLinked&quot;:true}}\" data-elementor-post-type=\"page\">\n\t\t\t\t\t\t<section class=\"elementor-section elementor-top-section elementor-element elementor-element-7438449 elementor-section-boxed elementor-section-height-default elementor-section-height-default\" data-id=\"7438449\" data-element_type=\"section\" data-e-type=\"section\">\n\t\t\t\t\t\t<div class=\"elementor-container elementor-column-gap-no\">\n\t\t\t\t\t<div class=\"elementor-column elementor-col-100 elementor-top-column elementor-element elementor-element-1d6fca2\" data-id=\"1d6fca2\" data-element_type=\"column\" data-e-type=\"column\">\n\t\t\t<div class=\"elementor-widget-wrap elementor-element-populated\">\n\t\t\t\t\t\t<div class=\"elementor-element elementor-element-5fe492c elementor-widget elementor-widget-heading\" data-id=\"5fe492c\" data-element_type=\"widget\" data-e-type=\"widget\" data-widget_type=\"heading.default\">\n\t\t\t\t<div class=\"elementor-widget-container\">\n\t\t\t\t\t<h1 class=\"elementor-heading-title elementor-size-default\">Contact Us<\/h1>\t\t\t\t<\/div>\n\t\t\t\t<\/div>\n\t\t\t\t\t<\/div>\n\t\t<\/div>\n\t\t\t\t\t<\/div>\n\t\t<\/section>\n\t\t\t\t<section class=\"elementor-section elementor-top-section elementor-element elementor-element-c33eeb3 elementor-section-boxed elementor-section-height-default elementor-section-height-default\" data-id=\"c33eeb3\" data-element_type=\"section\" data-e-type=\"section\">\n\t\t\t\t\t\t<div class=\"elementor-container elementor-column-gap-no\">\n\t\t\t\t\t<div class=\"elementor-column elementor-col-100 elementor-top-column elementor-element elementor-element-80c1d80\" data-id=\"80c1d80\" data-element_type=\"column\" data-e-type=\"column\">\n\t\t\t<div class=\"elementor-widget-wrap elementor-element-populated\">\n\t\t\t\t\t\t<section class=\"elementor-section elementor-inner-section elementor-element elementor-element-21865a2 elementor-section-boxed elementor-section-height-default elementor-section-height-default\" data-id=\"21865a2\" data-element_type=\"section\" data-e-type=\"section\">\n\t\t\t\t\t\t<div class=\"elementor-container elementor-column-gap-no\">\n\t\t\t\t\t<div class=\"elementor-column elementor-col-33 elementor-inner-column elementor-element elementor-element-9d0fe05\" data-id=\"9d0fe05\" data-element_type=\"column\" data-e-type=\"column\">\n\t\t\t<div class=\"elementor-widget-wrap elementor-element-populated\">\n\t\t\t\t\t\t<div class=\"elementor-element elementor-element-8facc05 elementor-widget elementor-widget-bdt-advanced-gmap\" data-id=\"8facc05\" data-element_type=\"widget\" data-e-type=\"widget\" data-widget_type=\"bdt-advanced-gmap.default\">\n\t\t\t\t<div class=\"elementor-widget-container\">\n\t\t\t\t\t\t\t\n\t\t\t\t<div style=\"opacity:0\" class=\"bdt-advanced-map\">\n\t\t\t<div class=\"bdt-grid-wrap\">\n\t\t\t\t<div class=\"bdt-advanced-map-wrapper\">\n\t\t\t\t\t<div class=\"bdt-advanced-gmap\" id=\"bdt-advanced-gmap-8facc05-52\" data-map_markers=\"[{&quot;lat&quot;:59.91068599999999833016772754490375518798828125,&quot;lng&quot;:10.73790699999999986857801559381186962127685546875,&quot;title&quot;:&quot;&quot;,&quot;place&quot;:&quot;Bangladesh&quot;,&quot;icon&quot;:&quot;https:\\\/\\\/ferieboligutland.no\\\/wp-content\\\/uploads\\\/2019\\\/08\\\/map-marker-feriebolig.png&quot;,&quot;content&quot;:&quot;&quot;,&quot;phone&quot;:&quot;+880123456789&quot;,&quot;website&quot;:&quot;https:\\\/\\\/bdthemes.com&quot;,&quot;image&quot;:&quot;https:\\\/\\\/ferieboligutland.no\\\/wp-content\\\/uploads\\\/2019\\\/08\\\/map-marker-feriebolig.png&quot;}]\" data-map_settings=\"{&quot;el&quot;:&quot;#bdt-advanced-gmap-8facc05-52&quot;,&quot;lat&quot;:&quot;59.910686&quot;,&quot;lng&quot;:&quot;10.737907&quot;,&quot;zoomControl&quot;:false,&quot;zoom&quot;:15,&quot;streetViewControl&quot;:false,&quot;mapTypeControl&quot;:false}\" data-map_geocode=\"false\"><\/div>\n\t\t\t\t<\/div>\n\t\t\t\t\t\t\t<\/div>\n\t\t<\/div>\n\t\t\t\t<\/div>\n\t\t\t\t<\/div>\n\t\t\t\t<div class=\"elementor-element elementor-element-3790f09 elementor-widget elementor-widget-heading\" data-id=\"3790f09\" data-element_type=\"widget\" data-e-type=\"widget\" data-widget_type=\"heading.default\">\n\t\t\t\t<div class=\"elementor-widget-container\">\n\t\t\t\t\t<h2 class=\"elementor-heading-title elementor-size-default\">Sales Office Oslo<\/h2>\t\t\t\t<\/div>\n\t\t\t\t<\/div>\n\t\t\t\t<div class=\"elementor-element elementor-element-83a341e elementor-widget elementor-widget-heading\" data-id=\"83a341e\" data-element_type=\"widget\" data-e-type=\"widget\" data-widget_type=\"heading.default\">\n\t\t\t\t<div class=\"elementor-widget-container\">\n\t\t\t\t\t<h3 class=\"elementor-heading-title elementor-size-default\">Feriebolig Utland<\/h3>\t\t\t\t<\/div>\n\t\t\t\t<\/div>\n\t\t\t\t<div class=\"elementor-element elementor-element-5fbcf1f elementor-widget elementor-widget-text-editor\" data-id=\"5fbcf1f\" data-element_type=\"widget\" data-e-type=\"widget\" data-widget_type=\"text-editor.default\">\n\t\t\t\t<div class=\"elementor-widget-container\">\n\t\t\t\t\t\t\t\t\t<p>Nedre slottsgate 13-15, 5. etg.<br \/>0157 Oslo<\/p>\n<p><b>Telefon:<\/b> (+47) 21 54 46 65<br \/><strong>Mobil:<\/strong> (+47) 93 00 24 45<\/p>\n<p><b>E-post: <\/b><a href=\"mailto:post@ferieboligutland.no\" data-type=\"emailLink\">post@ferieboligutland.no<\/a><br \/><i>kontakt oss p\u00e5 tlf eller e-post dersom du \u00f8nsker \u00e5 avtale et m\u00f8te med oss ved v\u00e5rt kontor i Oslo.<\/i><\/p>\n\t\t\t\t\t\t\t\t<\/div>\n\t\t\t\t<\/div>\n\t\t\t\t\t<\/div>\n\t\t<\/div>\n\t\t\t\t<div class=\"elementor-column elementor-col-33 elementor-inner-column elementor-element elementor-element-232d22c\" data-id=\"232d22c\" data-element_type=\"column\" data-e-type=\"column\">\n\t\t\t<div class=\"elementor-widget-wrap elementor-element-populated\">\n\t\t\t\t\t\t<div class=\"elementor-element elementor-element-cc2244f elementor-widget elementor-widget-bdt-advanced-gmap\" data-id=\"cc2244f\" data-element_type=\"widget\" data-e-type=\"widget\" data-widget_type=\"bdt-advanced-gmap.default\">\n\t\t\t\t<div class=\"elementor-widget-container\">\n\t\t\t\t\t\t\t\n\t\t\t\t<div style=\"opacity:0\" class=\"bdt-advanced-map\">\n\t\t\t<div class=\"bdt-grid-wrap\">\n\t\t\t\t<div class=\"bdt-advanced-map-wrapper\">\n\t\t\t\t\t<div class=\"bdt-advanced-gmap\" id=\"bdt-advanced-gmap-cc2244f-42\" data-map_markers=\"[{&quot;lat&quot;:37.97893400000000241334419115446507930755615234375,&quot;lng&quot;:-0.68963699999999994449950690977857448160648345947265625,&quot;title&quot;:&quot;&quot;,&quot;place&quot;:&quot;Bangladesh&quot;,&quot;icon&quot;:&quot;https:\\\/\\\/ferieboligutland.no\\\/wp-content\\\/uploads\\\/2019\\\/08\\\/map-marker-feriebolig.png&quot;,&quot;content&quot;:&quot;&quot;,&quot;phone&quot;:&quot;+880123456789&quot;,&quot;website&quot;:&quot;https:\\\/\\\/bdthemes.com&quot;,&quot;image&quot;:&quot;https:\\\/\\\/ferieboligutland.no\\\/wp-content\\\/uploads\\\/2019\\\/08\\\/map-marker-feriebolig.png&quot;}]\" data-map_settings=\"{&quot;el&quot;:&quot;#bdt-advanced-gmap-cc2244f-42&quot;,&quot;lat&quot;:&quot;37.978934&quot;,&quot;lng&quot;:&quot;-0.689637&quot;,&quot;zoomControl&quot;:false,&quot;zoom&quot;:15,&quot;streetViewControl&quot;:false,&quot;mapTypeControl&quot;:false}\" data-map_geocode=\"false\"><\/div>\n\t\t\t\t<\/div>\n\t\t\t\t\t\t\t<\/div>\n\t\t<\/div>\n\t\t\t\t<\/div>\n\t\t\t\t<\/div>\n\t\t\t\t<div class=\"elementor-element elementor-element-c2a6e79 elementor-widget elementor-widget-heading\" data-id=\"c2a6e79\" data-element_type=\"widget\" data-e-type=\"widget\" data-widget_type=\"heading.default\">\n\t\t\t\t<div class=\"elementor-widget-container\">\n\t\t\t\t\t<h2 class=\"elementor-heading-title elementor-size-default\">Sales and Service office Costa Blanca<\/h2>\t\t\t\t<\/div>\n\t\t\t\t<\/div>\n\t\t\t\t<div class=\"elementor-element elementor-element-526ec0f elementor-widget elementor-widget-heading\" data-id=\"526ec0f\" data-element_type=\"widget\" data-e-type=\"widget\" data-widget_type=\"heading.default\">\n\t\t\t\t<div class=\"elementor-widget-container\">\n\t\t\t\t\t<h3 class=\"elementor-heading-title elementor-size-default\">Feriebolig Utland<\/h3>\t\t\t\t<\/div>\n\t\t\t\t<\/div>\n\t\t\t\t<div class=\"elementor-element elementor-element-85b223b elementor-widget elementor-widget-text-editor\" data-id=\"85b223b\" data-element_type=\"widget\" data-e-type=\"widget\" data-widget_type=\"text-editor.default\">\n\t\t\t\t<div class=\"elementor-widget-container\">\n\t\t\t\t\t\t\t\t\t<p>Calle Villa Madrid 17<br \/>03184 Torrevieja<\/p>\n<p><b>Telefon:<\/b> +34 645 297 890<\/p>\n<p><b>E-post: <\/b><a href=\"mailto:spania@ferieboligutland.no\">spania@ferieboligutland.no<\/a><\/p>\n\t\t\t\t\t\t\t\t<\/div>\n\t\t\t\t<\/div>\n\t\t\t\t\t<\/div>\n\t\t<\/div>\n\t\t\t\t<div class=\"elementor-column elementor-col-33 elementor-inner-column elementor-element elementor-element-27501d9\" data-id=\"27501d9\" data-element_type=\"column\" data-e-type=\"column\">\n\t\t\t<div class=\"elementor-widget-wrap elementor-element-populated\">\n\t\t\t\t\t\t<div class=\"elementor-element elementor-element-87e391f elementor-widget elementor-widget-bdt-advanced-gmap\" data-id=\"87e391f\" data-element_type=\"widget\" data-e-type=\"widget\" data-widget_type=\"bdt-advanced-gmap.default\">\n\t\t\t\t<div class=\"elementor-widget-container\">\n\t\t\t\t\t\t\t\n\t\t\t\t<div style=\"opacity:0\" class=\"bdt-advanced-map\">\n\t\t\t<div class=\"bdt-grid-wrap\">\n\t\t\t\t<div class=\"bdt-advanced-map-wrapper\">\n\t\t\t\t\t<div class=\"bdt-advanced-gmap\" id=\"bdt-advanced-gmap-87e391f-50\" data-map_markers=\"[{&quot;lat&quot;:36.586624000000000478394213132560253143310546875,&quot;lng&quot;:-4.66240300000000029712055038544349372386932373046875,&quot;title&quot;:&quot;&quot;,&quot;place&quot;:&quot;Bangladesh&quot;,&quot;icon&quot;:&quot;https:\\\/\\\/ferieboligutland.no\\\/wp-content\\\/uploads\\\/2019\\\/08\\\/map-marker-feriebolig.png&quot;,&quot;content&quot;:&quot;&quot;,&quot;phone&quot;:&quot;+880123456789&quot;,&quot;website&quot;:&quot;https:\\\/\\\/bdthemes.com&quot;,&quot;image&quot;:&quot;https:\\\/\\\/ferieboligutland.no\\\/wp-content\\\/uploads\\\/2019\\\/08\\\/map-marker-feriebolig.png&quot;}]\" data-map_settings=\"{&quot;el&quot;:&quot;#bdt-advanced-gmap-87e391f-50&quot;,&quot;lat&quot;:&quot;36.586624&quot;,&quot;lng&quot;:&quot;-4.662403&quot;,&quot;zoomControl&quot;:false,&quot;zoom&quot;:15,&quot;streetViewControl&quot;:false,&quot;mapTypeControl&quot;:false}\" data-map_geocode=\"false\"><\/div>\n\t\t\t\t<\/div>\n\t\t\t\t\t\t\t<\/div>\n\t\t<\/div>\n\t\t\t\t<\/div>\n\t\t\t\t<\/div>\n\t\t\t\t<div class=\"elementor-element elementor-element-d481fab elementor-widget elementor-widget-heading\" data-id=\"d481fab\" data-element_type=\"widget\" data-e-type=\"widget\" data-widget_type=\"heading.default\">\n\t\t\t\t<div class=\"elementor-widget-container\">\n\t\t\t\t\t<h2 class=\"elementor-heading-title elementor-size-default\">Sales and Service office Costa Del Sol<\/h2>\t\t\t\t<\/div>\n\t\t\t\t<\/div>\n\t\t\t\t<div class=\"elementor-element elementor-element-f1b858d elementor-widget elementor-widget-heading\" data-id=\"f1b858d\" data-element_type=\"widget\" data-e-type=\"widget\" data-widget_type=\"heading.default\">\n\t\t\t\t<div class=\"elementor-widget-container\">\n\t\t\t\t\t<h3 class=\"elementor-heading-title elementor-size-default\">Feriebolig Utland<\/h3>\t\t\t\t<\/div>\n\t\t\t\t<\/div>\n\t\t\t\t<div class=\"elementor-element elementor-element-d5ddc79 elementor-widget elementor-widget-text-editor\" data-id=\"d5ddc79\" data-element_type=\"widget\" data-e-type=\"widget\" data-widget_type=\"text-editor.default\">\n\t\t\t\t<div class=\"elementor-widget-container\">\n\t\t\t\t\t\t\t\t\t<div class=\"row mt-15\"><div class=\"col-md-12 col-sm-12 col-xs-12\"><p>South Beach, Reserva del Higuer\u00f3n<br \/>Benalm\u00e1dena<\/p><p><b>Telefon:<\/b> +47 930 52 560<\/p><p><b>E-post:\u00a0<\/b><a href=\"mailto:lucas@ferieboligutland.no\">sverre@ferieboligutland.no<\/a><\/p><\/div><\/div>\t\t\t\t\t\t\t\t<\/div>\n\t\t\t\t<\/div>\n\t\t\t\t\t<\/div>\n\t\t<\/div>\n\t\t\t\t\t<\/div>\n\t\t<\/section>\n\t\t\t\t\t<\/div>\n\t\t<\/div>\n\t\t\t\t\t<\/div>\n\t\t<\/section>\n\t\t\t\t<section class=\"elementor-section elementor-top-section elementor-element elementor-element-8d9b70b elementor-section-boxed elementor-section-height-default elementor-section-height-default\" data-id=\"8d9b70b\" data-element_type=\"section\" data-e-type=\"section\">\n\t\t\t\t\t\t<div class=\"elementor-container elementor-column-gap-no\">\n\t\t\t\t\t<div class=\"elementor-column elementor-col-100 elementor-top-column elementor-element elementor-element-c9f443c\" data-id=\"c9f443c\" data-element_type=\"column\" data-e-type=\"column\">\n\t\t\t<div class=\"elementor-widget-wrap elementor-element-populated\">\n\t\t\t\t\t\t<div class=\"elementor-element elementor-element-78c043d elementor-button-align-start elementor-mobile-button-align-stretch elementor-widget elementor-widget-form\" data-id=\"78c043d\" data-element_type=\"widget\" data-e-type=\"widget\" data-settings=\"{&quot;step_next_label&quot;:&quot;Next&quot;,&quot;step_previous_label&quot;:&quot;Previous&quot;,&quot;button_width&quot;:&quot;100&quot;,&quot;step_type&quot;:&quot;number_text&quot;,&quot;step_icon_shape&quot;:&quot;circle&quot;}\" data-widget_type=\"form.default\">\n\t\t\t\t<div class=\"elementor-widget-container\">\n\t\t\t\t\t\t\t<form class=\"elementor-form\" method=\"post\" name=\"New Form\" aria-label=\"New Form\">\n\t\t\t<input type=\"hidden\" name=\"post_id\" value=\"1125\"\/>\n\t\t\t<input type=\"hidden\" name=\"form_id\" value=\"78c043d\"\/>\n\t\t\t<input type=\"hidden\" name=\"referer_title\" value=\"Contact us - Feriebolig Utland\" \/>\n\n\t\t\t\t\t\t\t<input type=\"hidden\" name=\"queried_id\" value=\"1125\"\/>\n\t\t\t\n\t\t\t<div class=\"elementor-form-fields-wrapper elementor-labels-\">\n\t\t\t\t\t\t\t\t<div class=\"elementor-field-type-text elementor-field-group elementor-column elementor-field-group-name elementor-col-50 elementor-field-required\">\n\t\t\t\t\t\t\t\t\t\t\t\t\t<input size=\"1\" type=\"text\" name=\"form_fields[name]\" id=\"form-field-name\" class=\"elementor-field elementor-size-sm  elementor-field-textual\" placeholder=\"Name\" required=\"required\">\n\t\t\t\t\t\t\t\t\t\t\t<\/div>\n\t\t\t\t\t\t\t\t<div class=\"elementor-field-type-tel elementor-field-group elementor-column elementor-field-group-phone elementor-col-50\">\n\t\t\t\t\t\t\t<input size=\"1\" type=\"tel\" name=\"form_fields[phone]\" id=\"form-field-phone\" class=\"elementor-field elementor-size-sm  elementor-field-textual\" placeholder=\"Tel:\" pattern=\"[0-9()#&amp;+*-=.]+\" title=\"Only numbers and phone characters (#, -, *, etc) are accepted.\">\n\n\t\t\t\t\t\t<\/div>\n\t\t\t\t\t\t\t\t<div class=\"elementor-field-type-email elementor-field-group elementor-column elementor-field-group-email elementor-col-100 elementor-field-required\">\n\t\t\t\t\t\t\t\t\t\t\t\t\t<input size=\"1\" type=\"email\" name=\"form_fields[email]\" id=\"form-field-email\" class=\"elementor-field elementor-size-sm  elementor-field-textual\" placeholder=\"email\" required=\"required\">\n\t\t\t\t\t\t\t\t\t\t\t<\/div>\n\t\t\t\t\t\t\t\t<div class=\"elementor-field-type-textarea elementor-field-group elementor-column elementor-field-group-message elementor-col-100 elementor-field-required\">\n\t\t\t\t\t<textarea class=\"elementor-field-textual elementor-field  elementor-size-sm\" name=\"form_fields[message]\" id=\"form-field-message\" rows=\"6\" placeholder=\"Qestions\" required=\"required\"><\/textarea>\t\t\t\t<\/div>\n\t\t\t\t\t\t\t\t<div class=\"elementor-field-group elementor-column elementor-field-type-submit elementor-col-100 e-form__buttons\">\n\t\t\t\t\t<button class=\"elementor-button elementor-size-sm\" type=\"submit\">\n\t\t\t\t\t\t<span class=\"elementor-button-content-wrapper\">\n\t\t\t\t\t\t\t\t\t\t\t\t\t\t\t<span class=\"elementor-button-icon\">\n\t\t\t\t\t\t\t\t\t<i aria-hidden=\"true\" class=\"fas fa-paper-plane\"><\/i>\t\t\t\t\t\t\t\t\t\t\t\t\t\t\t\t\t<\/span>\n\t\t\t\t\t\t\t\t\t\t\t\t\t\t\t\t\t\t\t\t\t\t<span class=\"elementor-button-text\">Send<\/span>\n\t\t\t\t\t\t\t\t\t\t\t\t\t<\/span>\n\t\t\t\t\t<\/button>\n\t\t\t\t<\/div>\n\t\t\t<\/div>\n\t\t<\/form>\n\t\t\t\t\t\t<\/div>\n\t\t\t\t<\/div>\n\t\t\t\t\t<\/div>\n\t\t<\/div>\n\t\t\t\t\t<\/div>\n\t\t<\/section>\n\t\t\t\t<\/div>\n\t\t","protected":false},"excerpt":{"rendered":"<p>Contact Us Sales Office Oslo Feriebolig Utland Nedre slottsgate 13-15, 5. etg.0157 Oslo Telefon: (+47) 21 54 46 65Mobil: (+47) 93 00 24 45 E-post: post@ferieboligutland.nokontakt oss p\u00e5 tlf eller e-post dersom du \u00f8nsker \u00e5 avtale et m\u00f8te med oss ved v\u00e5rt kontor i Oslo. Sales and Service office Costa Blanca Feriebolig Utland Calle Villa [&hellip;]<\/p>\n","protected":false},"author":1,"featured_media":0,"parent":0,"menu_order":0,"comment_status":"closed","ping_status":"closed","template":"elementor_header_footer","meta":{"_acf_changed":false,"footnotes":""},"class_list":["post-1125","page","type-page","status-publish","hentry"],"acf":[],"yoast_head":"<!-- This site is optimized with the Yoast SEO plugin v27.1.1 - https:\/\/yoast.com\/product\/yoast-seo-wordpress\/ -->\n<title>Contact us - Feriebolig Utland<\/title>\n<meta name=\"robots\" content=\"index, follow, max-snippet:-1, max-image-preview:large, max-video-preview:-1\" \/>\n<link rel=\"canonical\" href=\"https:\/\/ferieboligutland.no\/kontakt-oss\/\" \/>\n<meta property=\"og:locale\" content=\"en_US\" \/>\n<meta property=\"og:type\" content=\"article\" \/>\n<meta property=\"og:title\" content=\"Contact us - Feriebolig Utland\" \/>\n<meta property=\"og:description\" content=\"Contact Us Sales Office Oslo Feriebolig Utland Nedre slottsgate 13-15, 5. etg.0157 Oslo Telefon: (+47) 21 54 46 65Mobil: (+47) 93 00 24 45 E-post: post@ferieboligutland.nokontakt oss p\u00e5 tlf eller e-post dersom du \u00f8nsker \u00e5 avtale et m\u00f8te med oss ved v\u00e5rt kontor i Oslo. Sales and Service office Costa Blanca Feriebolig Utland Calle Villa [&hellip;]\" \/>\n<meta property=\"og:url\" content=\"https:\/\/ferieboligutland.no\/kontakt-oss\/\" \/>\n<meta property=\"og:site_name\" content=\"Feriebolig Utland\" \/>\n<meta property=\"article:publisher\" content=\"https:\/\/www.facebook.com\/ferieboligutland\" \/>\n<meta property=\"article:modified_time\" content=\"2026-01-26T13:20:56+00:00\" \/>\n<meta name=\"twitter:card\" content=\"summary_large_image\" \/>\n<meta name=\"twitter:label1\" content=\"Est. reading time\" \/>\n\t<meta name=\"twitter:data1\" content=\"32 minutes\" \/>\n<script type=\"application\/ld+json\" class=\"yoast-schema-graph\">{\"@context\":\"https:\/\/schema.org\",\"@graph\":[{\"@type\":\"WebPage\",\"@id\":\"https:\/\/ferieboligutland.no\/kontakt-oss\/\",\"url\":\"https:\/\/ferieboligutland.no\/kontakt-oss\/\",\"name\":\"Contact us - Feriebolig Utland\",\"isPartOf\":{\"@id\":\"https:\/\/ferieboligutland.no\/#website\"},\"datePublished\":\"2019-09-12T09:13:57+00:00\",\"dateModified\":\"2026-01-26T13:20:56+00:00\",\"breadcrumb\":{\"@id\":\"https:\/\/ferieboligutland.no\/kontakt-oss\/#breadcrumb\"},\"inLanguage\":\"en-US\",\"potentialAction\":[{\"@type\":\"ReadAction\",\"target\":[\"https:\/\/ferieboligutland.no\/kontakt-oss\/\"]}]},{\"@type\":\"BreadcrumbList\",\"@id\":\"https:\/\/ferieboligutland.no\/kontakt-oss\/#breadcrumb\",\"itemListElement\":[{\"@type\":\"ListItem\",\"position\":1,\"name\":\"Home\",\"item\":\"https:\/\/ferieboligutland.no\/\"},{\"@type\":\"ListItem\",\"position\":2,\"name\":\"Contact us\"}]},{\"@type\":\"WebSite\",\"@id\":\"https:\/\/ferieboligutland.no\/#website\",\"url\":\"https:\/\/ferieboligutland.no\/\",\"name\":\"Feriebolig Utland\",\"description\":\"Service - Kunnskap - Trygghet\",\"publisher\":{\"@id\":\"https:\/\/ferieboligutland.no\/#organization\"},\"potentialAction\":[{\"@type\":\"SearchAction\",\"target\":{\"@type\":\"EntryPoint\",\"urlTemplate\":\"https:\/\/ferieboligutland.no\/?s={search_term_string}\"},\"query-input\":{\"@type\":\"PropertyValueSpecification\",\"valueRequired\":true,\"valueName\":\"search_term_string\"}}],\"inLanguage\":\"en-US\"},{\"@type\":\"Organization\",\"@id\":\"https:\/\/ferieboligutland.no\/#organization\",\"name\":\"Feriebolig Utland\",\"url\":\"https:\/\/ferieboligutland.no\/\",\"logo\":{\"@type\":\"ImageObject\",\"inLanguage\":\"en-US\",\"@id\":\"https:\/\/ferieboligutland.no\/#\/schema\/logo\/image\/\",\"url\":\"https:\/\/ferieboligutland.no\/wp-content\/uploads\/2024\/09\/logo.svg\",\"contentUrl\":\"https:\/\/ferieboligutland.no\/wp-content\/uploads\/2024\/09\/logo.svg\",\"width\":314,\"height\":72,\"caption\":\"Feriebolig Utland\"},\"image\":{\"@id\":\"https:\/\/ferieboligutland.no\/#\/schema\/logo\/image\/\"},\"sameAs\":[\"https:\/\/www.facebook.com\/ferieboligutland\"]}]}<\/script>\n<!-- \/ Yoast SEO plugin. -->","yoast_head_json":{"title":"Contact us - Feriebolig Utland","robots":{"index":"index","follow":"follow","max-snippet":"max-snippet:-1","max-image-preview":"max-image-preview:large","max-video-preview":"max-video-preview:-1"},"canonical":"https:\/\/ferieboligutland.no\/kontakt-oss\/","og_locale":"en_US","og_type":"article","og_title":"Contact us - Feriebolig Utland","og_description":"Contact Us Sales Office Oslo Feriebolig Utland Nedre slottsgate 13-15, 5. etg.0157 Oslo Telefon: (+47) 21 54 46 65Mobil: (+47) 93 00 24 45 E-post: post@ferieboligutland.nokontakt oss p\u00e5 tlf eller e-post dersom du \u00f8nsker \u00e5 avtale et m\u00f8te med oss ved v\u00e5rt kontor i Oslo. Sales and Service office Costa Blanca Feriebolig Utland Calle Villa [&hellip;]","og_url":"https:\/\/ferieboligutland.no\/kontakt-oss\/","og_site_name":"Feriebolig Utland","article_publisher":"https:\/\/www.facebook.com\/ferieboligutland","article_modified_time":"2026-01-26T13:20:56+00:00","twitter_card":"summary_large_image","twitter_misc":{"Est. reading time":"32 minutes"},"schema":{"@context":"https:\/\/schema.org","@graph":[{"@type":"WebPage","@id":"https:\/\/ferieboligutland.no\/kontakt-oss\/","url":"https:\/\/ferieboligutland.no\/kontakt-oss\/","name":"Contact us - Feriebolig Utland","isPartOf":{"@id":"https:\/\/ferieboligutland.no\/#website"},"datePublished":"2019-09-12T09:13:57+00:00","dateModified":"2026-01-26T13:20:56+00:00","breadcrumb":{"@id":"https:\/\/ferieboligutland.no\/kontakt-oss\/#breadcrumb"},"inLanguage":"en-US","potentialAction":[{"@type":"ReadAction","target":["https:\/\/ferieboligutland.no\/kontakt-oss\/"]}]},{"@type":"BreadcrumbList","@id":"https:\/\/ferieboligutland.no\/kontakt-oss\/#breadcrumb","itemListElement":[{"@type":"ListItem","position":1,"name":"Home","item":"https:\/\/ferieboligutland.no\/"},{"@type":"ListItem","position":2,"name":"Contact us"}]},{"@type":"WebSite","@id":"https:\/\/ferieboligutland.no\/#website","url":"https:\/\/ferieboligutland.no\/","name":"Feriebolig Utland","description":"Service - Kunnskap - Trygghet","publisher":{"@id":"https:\/\/ferieboligutland.no\/#organization"},"potentialAction":[{"@type":"SearchAction","target":{"@type":"EntryPoint","urlTemplate":"https:\/\/ferieboligutland.no\/?s={search_term_string}"},"query-input":{"@type":"PropertyValueSpecification","valueRequired":true,"valueName":"search_term_string"}}],"inLanguage":"en-US"},{"@type":"Organization","@id":"https:\/\/ferieboligutland.no\/#organization","name":"Feriebolig Utland","url":"https:\/\/ferieboligutland.no\/","logo":{"@type":"ImageObject","inLanguage":"en-US","@id":"https:\/\/ferieboligutland.no\/#\/schema\/logo\/image\/","url":"https:\/\/ferieboligutland.no\/wp-content\/uploads\/2024\/09\/logo.svg","contentUrl":"https:\/\/ferieboligutland.no\/wp-content\/uploads\/2024\/09\/logo.svg","width":314,"height":72,"caption":"Feriebolig Utland"},"image":{"@id":"https:\/\/ferieboligutland.no\/#\/schema\/logo\/image\/"},"sameAs":["https:\/\/www.facebook.com\/ferieboligutland"]}]}},"_links":{"self":[{"href":"https:\/\/ferieboligutland.no\/en\/wp-json\/wp\/v2\/pages\/1125","targetHints":{"allow":["GET"]}}],"collection":[{"href":"https:\/\/ferieboligutland.no\/en\/wp-json\/wp\/v2\/pages"}],"about":[{"href":"https:\/\/ferieboligutland.no\/en\/wp-json\/wp\/v2\/types\/page"}],"author":[{"embeddable":true,"href":"https:\/\/ferieboligutland.no\/en\/wp-json\/wp\/v2\/users\/1"}],"replies":[{"embeddable":true,"href":"https:\/\/ferieboligutland.no\/en\/wp-json\/wp\/v2\/comments?post=1125"}],"version-history":[{"count":7,"href":"https:\/\/ferieboligutland.no\/en\/wp-json\/wp\/v2\/pages\/1125\/revisions"}],"predecessor-version":[{"id":4403,"href":"https:\/\/ferieboligutland.no\/en\/wp-json\/wp\/v2\/pages\/1125\/revisions\/4403"}],"wp:attachment":[{"href":"https:\/\/ferieboligutland.no\/en\/wp-json\/wp\/v2\/media?parent=1125"}],"curies":[{"name":"wp","href":"https:\/\/api.w.org\/{rel}","templated":true}]}}