{"id":2006,"date":"2021-08-18T10:20:29","date_gmt":"2021-08-18T10:20:29","guid":{"rendered":"https:\/\/feriebolig.buddyestates.com\/rentals-3\/"},"modified":"2024-09-20T17:34:37","modified_gmt":"2024-09-20T15:34:37","slug":"rentals-2","status":"publish","type":"page","link":"https:\/\/ferieboligutland.no\/en\/rentals-2\/","title":{"rendered":"Rentals"},"content":{"rendered":"\t\t<div data-elementor-type=\"wp-page\" data-elementor-id=\"2006\" class=\"elementor elementor-2006 elementor-1999\" data-elementor-settings=\"{&quot;element_pack_global_tooltip_width&quot;:{&quot;unit&quot;:&quot;px&quot;,&quot;size&quot;:&quot;&quot;,&quot;sizes&quot;:[]},&quot;element_pack_global_tooltip_width_tablet&quot;:{&quot;unit&quot;:&quot;px&quot;,&quot;size&quot;:&quot;&quot;,&quot;sizes&quot;:[]},&quot;element_pack_global_tooltip_width_mobile&quot;:{&quot;unit&quot;:&quot;px&quot;,&quot;size&quot;:&quot;&quot;,&quot;sizes&quot;:[]},&quot;element_pack_global_tooltip_padding&quot;:{&quot;unit&quot;:&quot;px&quot;,&quot;top&quot;:&quot;&quot;,&quot;right&quot;:&quot;&quot;,&quot;bottom&quot;:&quot;&quot;,&quot;left&quot;:&quot;&quot;,&quot;isLinked&quot;:true},&quot;element_pack_global_tooltip_padding_tablet&quot;:{&quot;unit&quot;:&quot;px&quot;,&quot;top&quot;:&quot;&quot;,&quot;right&quot;:&quot;&quot;,&quot;bottom&quot;:&quot;&quot;,&quot;left&quot;:&quot;&quot;,&quot;isLinked&quot;:true},&quot;element_pack_global_tooltip_padding_mobile&quot;:{&quot;unit&quot;:&quot;px&quot;,&quot;top&quot;:&quot;&quot;,&quot;right&quot;:&quot;&quot;,&quot;bottom&quot;:&quot;&quot;,&quot;left&quot;:&quot;&quot;,&quot;isLinked&quot;:true},&quot;element_pack_global_tooltip_border_radius&quot;:{&quot;unit&quot;:&quot;px&quot;,&quot;top&quot;:&quot;&quot;,&quot;right&quot;:&quot;&quot;,&quot;bottom&quot;:&quot;&quot;,&quot;left&quot;:&quot;&quot;,&quot;isLinked&quot;:true},&quot;element_pack_global_tooltip_border_radius_tablet&quot;:{&quot;unit&quot;:&quot;px&quot;,&quot;top&quot;:&quot;&quot;,&quot;right&quot;:&quot;&quot;,&quot;bottom&quot;:&quot;&quot;,&quot;left&quot;:&quot;&quot;,&quot;isLinked&quot;:true},&quot;element_pack_global_tooltip_border_radius_mobile&quot;:{&quot;unit&quot;:&quot;px&quot;,&quot;top&quot;:&quot;&quot;,&quot;right&quot;:&quot;&quot;,&quot;bottom&quot;:&quot;&quot;,&quot;left&quot;:&quot;&quot;,&quot;isLinked&quot;:true}}\" data-elementor-post-type=\"page\">\n\t\t\t\t\t\t<section class=\"elementor-section elementor-top-section elementor-element elementor-element-345d480 elementor-section-content-middle elementor-reverse-mobile elementor-section-boxed elementor-section-height-default elementor-section-height-default\" data-id=\"345d480\" data-element_type=\"section\" data-e-type=\"section\">\n\t\t\t\t\t\t<div class=\"elementor-container elementor-column-gap-no\">\n\t\t\t\t\t<div class=\"elementor-column elementor-col-50 elementor-top-column elementor-element elementor-element-b79efe4\" data-id=\"b79efe4\" data-element_type=\"column\" data-e-type=\"column\">\n\t\t\t<div class=\"elementor-widget-wrap elementor-element-populated\">\n\t\t\t\t\t\t<div class=\"elementor-element elementor-element-6ab1d6d elementor-widget elementor-widget-heading\" data-id=\"6ab1d6d\" data-element_type=\"widget\" data-e-type=\"widget\" data-widget_type=\"heading.default\">\n\t\t\t\t<div class=\"elementor-widget-container\">\n\t\t\t\t\t<h1 class=\"elementor-heading-title elementor-size-default\">Vi tar saken, enten du leier eller eier<\/h1>\t\t\t\t<\/div>\n\t\t\t\t<\/div>\n\t\t\t\t<div class=\"elementor-element elementor-element-5e75154 elementor-widget elementor-widget-text-editor\" data-id=\"5e75154\" data-element_type=\"widget\" data-e-type=\"widget\" data-widget_type=\"text-editor.default\">\n\t\t\t\t<div class=\"elementor-widget-container\">\n\t\t\t\t\t\t\t\t\t<p>Leieferiebolig.no er et nettsted for deg som vil leie en feriebolig til din neste ferietur, og et tilbud til deg som \u00f8nsker \u00e5 leie ut egen bolig.<\/p>\n<div id=\"ext-comp-1093\" class=\" x-panel\">\n<div id=\"ext-gen14\" class=\"x-panel-bwrap\">\n<div id=\"ext-gen15\" class=\"x-panel-body x-panel-body-noheader x-border-layout-ct\">\n<div id=\"email-mainLayout\" class=\" x-panel x-panel-noborder x-border-panel\">\n<div id=\"ext-gen28\" class=\"x-panel-bwrap\">\n<div id=\"ext-gen30\" class=\"x-panel-body x-panel-body-noheader x-panel-body-noborder x-border-layout-ct\">\n<div id=\"ext-comp-1097\" class=\" x-panel x-panel-noborder x-border-panel\">\n<div id=\"ext-gen137\" class=\"x-panel-bwrap\">\n<div id=\"ext-gen138\" class=\"x-panel-body x-panel-body-noheader x-panel-body-noborder\">\n<div id=\"tabpanelItems\" class=\" x-panel x-panel-noborder\">\n<div id=\"ext-gen140\" class=\"x-panel-bwrap\">\n<div id=\"ext-gen141\" class=\"x-panel-body x-panel-body-noheader x-panel-body-noborder\">\n<div id=\"card-0\" class=\" x-panel x-panel-noborder\">\n<div id=\"ext-gen143\" class=\"x-panel-bwrap\">\n<div id=\"ext-gen144\" class=\"x-panel-body x-panel-body-noheader x-panel-body-noborder x-border-layout-ct\">\n<div id=\"main-view\" class=\" x-panel x-panel-noborder x-border-panel\">\n<div id=\"ext-gen174\" class=\"x-panel-bwrap\">\n<div id=\"ext-gen175\" class=\"x-panel-body x-panel-body-noheader x-panel-body-noborder x-border-layout-ct\">\n<div id=\"email-center-panel\" class=\" x-panel x-panel-noborder x-border-panel\">\n<div id=\"ext-gen177\" class=\"x-panel-bwrap\">\n<div id=\"ext-gen178\" class=\"x-panel-body x-panel-body-noheader x-panel-body-noborder x-border-layout-ct\">\n<div id=\"right-preview\" class=\" x-panel x-panel-noborder x-border-panel\">\n<div id=\"ext-gen249\" class=\"x-panel-bwrap\">\n<div id=\"ext-gen250\" class=\"x-panel-body x-panel-body-noheader x-panel-body-noborder\">\n<div id=\"preview\" class=\" x-panel preview\">\n<div id=\"ext-gen339\" class=\"x-panel-bwrap\">\n<div id=\"ext-gen340\" class=\"x-panel-body x-panel-body-noheader\">\n<div id=\"ext-comp-1020\">\n<div class=\"post-body\">\n<p><span style=\"font-family: Calibri;\">Behovet for utleieboliger av h\u00f8y kvalitet er meget bra i Spania. Det er et godt alternativ til hotell, og tilbyr en annerledes ferieopplevelse og st\u00f8rre fleksibilitet enn hva hotell kan gj\u00f8re.\u00a0<\/span><\/p>\n<p>Medarbeiderne v\u00e5re har lang erfaring med boligutleie i Spania. De ordner stort og sm\u00e5tt, enten du er feriegjest eller huseier, og s\u00f8rger for alt det praktiske, fra n\u00f8kkelutlevering til husvask. Skulle et r\u00f8r g\u00e5 tett eller airconditionen streike, sender vi fagfolk som ordner opp.<\/p>\n<\/div>\n<\/div>\n<\/div>\n<\/div>\n<\/div>\n<\/div>\n<\/div>\n<\/div>\n<\/div>\n<\/div>\n<\/div>\n<\/div>\n<\/div>\n<\/div>\n<\/div>\n<\/div>\n<\/div>\n<\/div>\n<\/div>\n<\/div>\n<\/div>\n<\/div>\n<\/div>\n<\/div>\n<\/div>\n<\/div>\n<\/div>\n<\/div>\n<\/div>\n<h6><b>Vi fikser. Du har ferie.<\/b><\/h6>\n<p>Det skal v\u00e6re trygt, enkelt og praktisk \u00e5 leie ut boligen gjennom oss. Derfor tilbyr vi et komplett sett tjenester som ogs\u00e5 bidrar til at du f\u00e5r mest mulig igjen for din boliginvestering:<\/p>\n<div id=\"ext-comp-1093\" class=\" x-panel\">\n<div id=\"ext-gen14\" class=\"x-panel-bwrap\">\n<div id=\"ext-gen15\" class=\"x-panel-body x-panel-body-noheader x-border-layout-ct\">\n<div id=\"email-mainLayout\" class=\" x-panel x-panel-noborder x-border-panel\">\n<div id=\"ext-gen28\" class=\"x-panel-bwrap\">\n<div id=\"ext-gen30\" class=\"x-panel-body x-panel-body-noheader x-panel-body-noborder x-border-layout-ct\">\n<div id=\"ext-comp-1097\" class=\" x-panel x-panel-noborder x-border-panel\">\n<div id=\"ext-gen137\" class=\"x-panel-bwrap\">\n<div id=\"ext-gen138\" class=\"x-panel-body x-panel-body-noheader x-panel-body-noborder\">\n<div id=\"tabpanelItems\" class=\" x-panel x-panel-noborder\">\n<div id=\"ext-gen140\" class=\"x-panel-bwrap\">\n<div id=\"ext-gen141\" class=\"x-panel-body x-panel-body-noheader x-panel-body-noborder\">\n<div id=\"card-0\" class=\" x-panel x-panel-noborder\">\n<div id=\"ext-gen143\" class=\"x-panel-bwrap\">\n<div id=\"ext-gen144\" class=\"x-panel-body x-panel-body-noheader x-panel-body-noborder x-border-layout-ct\">\n<div id=\"main-view\" class=\" x-panel x-panel-noborder x-border-panel\">\n<div id=\"ext-gen174\" class=\"x-panel-bwrap\">\n<div id=\"ext-gen175\" class=\"x-panel-body x-panel-body-noheader x-panel-body-noborder x-border-layout-ct\">\n<div id=\"email-center-panel\" class=\" x-panel x-panel-noborder x-border-panel\">\n<div id=\"ext-gen177\" class=\"x-panel-bwrap\">\n<div id=\"ext-gen178\" class=\"x-panel-body x-panel-body-noheader x-panel-body-noborder x-border-layout-ct\">\n<div id=\"right-preview\" class=\" x-panel x-panel-noborder x-border-panel\">\n<div id=\"ext-gen249\" class=\"x-panel-bwrap\">\n<div id=\"ext-gen250\" class=\"x-panel-body x-panel-body-noheader x-panel-body-noborder\">\n<div id=\"preview\" class=\" x-panel preview\">\n<div id=\"ext-gen339\" class=\"x-panel-bwrap\">\n<div id=\"ext-gen340\" class=\"x-panel-body x-panel-body-noheader\">\n<div id=\"ext-comp-1020\">\n<div class=\"post-body\">\n<ul>\n<li><span style=\"font-family: Calibri;\"><em>markedsf\u00f8ring av eiendommen din p\u00e5 mer enn 200 internasjonale portaler.<\/em><\/span><\/li>\n<li><span style=\"font-family: Calibri;\"><em>\u00a0Vi s\u00f8ker om lisens for utleie til Spanske regionale myndigheter.<\/em><\/span><\/li>\n<li><span style=\"font-family: Calibri;\"><em>\u00a0Vi m\u00f8ter dine gjester personlig og tar oss av dem under hele leieperioden<\/em><\/span><\/li>\n<li><span style=\"font-family: Calibri;\"><em>\u00a0 Vi registrerer detaljer for alle dine gjester ved lokal politistasjon<\/em><\/span><\/li>\n<li><span style=\"font-family: Calibri;\"><em>\u00a0Vi s\u00f8rger for betaling av leieforholdet p\u00e5 forh\u00e5nd.<\/em><\/span><\/li>\n<li><span style=\"font-family: Calibri;\"><em>\u00a0Et depositum blir holdt tilbake i tilfelle skade p\u00e5 eiendommen.<\/em><\/span><\/li>\n<li><span style=\"font-family: Calibri;\"><em>\u00a0Vi tar oss av rengj\u00f8ring av leiligheten.<\/em><\/span><\/li>\n<li><span style=\"font-family: Calibri;\"><em>\u00a0Du blir holdt l\u00f8pende informert om bookingene dine online, og mottar bekreftelse p\u00e5 e-post s\u00e5 snart en booking er bekreftet.<\/em><\/span><\/li>\n<li><span style=\"font-family: Calibri;\"><em>\u00a0Vi inspiserer boligen jevnlig og gir tilbakemelding om vedlikehold som m\u00e5 gj\u00f8res.<\/em><\/span><\/li>\n<\/ul>\n<\/div>\n<\/div>\n<\/div>\n<\/div>\n<\/div>\n<\/div>\n<\/div>\n<\/div>\n<\/div>\n<\/div>\n<\/div>\n<\/div>\n<\/div>\n<\/div>\n<\/div>\n<\/div>\n<\/div>\n<\/div>\n<\/div>\n<\/div>\n<\/div>\n<\/div>\n<\/div>\n<\/div>\n<\/div>\n<\/div>\n<\/div>\n<\/div>\n<\/div>\n<p>Vi samarbeider med de st\u00f8rste nettstedene for booking av feriehus, som finn.no, hotels.com og airbnb.com. N\u00e5r boligen din markedsf\u00f8res p\u00e5 nettsiden v\u00e5r, publiseres annonsen ogs\u00e5 p\u00e5 de st\u00f8rste bookingtjenestene p\u00e5 nettet.<\/p>\n<p>Som en del av selskapet Feriebolig Utland bruker vi ogs\u00e5 v\u00e5rt eget kontor i Oslo og boligmessene i Norge til \u00e5 vise fram akkurat din bolig til solsultne nordmenn.<\/p>\n<p>Ta kontakt med \u00e9n av oss, s\u00e5 hjelper vi deg med utleie eller booking av feriehus!<\/p>\n\t\t\t\t\t\t\t\t<\/div>\n\t\t\t\t<\/div>\n\t\t\t\t<div class=\"elementor-element elementor-element-85435c9 elementor-widget elementor-widget-button\" data-id=\"85435c9\" data-element_type=\"widget\" data-e-type=\"widget\" data-widget_type=\"button.default\">\n\t\t\t\t<div class=\"elementor-widget-container\">\n\t\t\t\t\t\t\t\t\t<div class=\"elementor-button-wrapper\">\n\t\t\t\t\t<a class=\"elementor-button elementor-button-link elementor-size-sm\" href=\"https:\/\/www.leieferiebolig.no\/\" target=\"_blank\">\n\t\t\t\t\t\t<span class=\"elementor-button-content-wrapper\">\n\t\t\t\t\t\t\t\t\t<span class=\"elementor-button-text\">Les mer<\/span>\n\t\t\t\t\t<\/span>\n\t\t\t\t\t<\/a>\n\t\t\t\t<\/div>\n\t\t\t\t\t\t\t\t<\/div>\n\t\t\t\t<\/div>\n\t\t\t\t\t<\/div>\n\t\t<\/div>\n\t\t\t\t<div class=\"elementor-column elementor-col-50 elementor-top-column elementor-element elementor-element-7edf323\" data-id=\"7edf323\" data-element_type=\"column\" data-e-type=\"column\">\n\t\t\t<div class=\"elementor-widget-wrap elementor-element-populated\">\n\t\t\t\t\t\t<div class=\"elementor-element elementor-element-b179cf0 elementor-widget elementor-widget-image\" data-id=\"b179cf0\" data-element_type=\"widget\" data-e-type=\"widget\" data-widget_type=\"image.default\">\n\t\t\t\t<div class=\"elementor-widget-container\">\n\t\t\t\t\t\t\t\t\t\t\t\t\t\t\t<img fetchpriority=\"high\" decoding=\"async\" width=\"1874\" height=\"2560\" src=\"https:\/\/ferieboligutland.no\/wp-content\/uploads\/2024\/08\/DSC5075-scaled.jpg\" class=\"attachment-full size-full wp-image-2780\" alt=\"\" srcset=\"https:\/\/ferieboligutland.no\/wp-content\/uploads\/2024\/08\/DSC5075-scaled.jpg 1874w, https:\/\/ferieboligutland.no\/wp-content\/uploads\/2024\/08\/DSC5075-220x300.jpg 220w, https:\/\/ferieboligutland.no\/wp-content\/uploads\/2024\/08\/DSC5075-750x1024.jpg 750w, https:\/\/ferieboligutland.no\/wp-content\/uploads\/2024\/08\/DSC5075-768x1049.jpg 768w, https:\/\/ferieboligutland.no\/wp-content\/uploads\/2024\/08\/DSC5075-1125x1536.jpg 1125w, https:\/\/ferieboligutland.no\/wp-content\/uploads\/2024\/08\/DSC5075-1500x2048.jpg 1500w\" sizes=\"(max-width: 1874px) 100vw, 1874px\" \/>\t\t\t\t\t\t\t\t\t\t\t\t\t\t\t<\/div>\n\t\t\t\t<\/div>\n\t\t\t\t\t<\/div>\n\t\t<\/div>\n\t\t\t\t\t<\/div>\n\t\t<\/section>\n\t\t\t\t<\/div>\n\t\t","protected":false},"excerpt":{"rendered":"<p>Vi tar saken, enten du leier eller eier Leieferiebolig.no er et nettsted for deg som vil leie en feriebolig til din neste ferietur, og et tilbud til deg som \u00f8nsker \u00e5 leie ut egen bolig. Behovet for utleieboliger av h\u00f8y kvalitet er meget bra i Spania. Det er et godt alternativ til hotell, og tilbyr [&hellip;]<\/p>\n","protected":false},"author":1,"featured_media":0,"parent":0,"menu_order":0,"comment_status":"closed","ping_status":"closed","template":"elementor_header_footer","meta":{"_acf_changed":false,"footnotes":""},"class_list":["post-2006","page","type-page","status-publish","hentry"],"acf":[],"yoast_head":"<!-- This site is optimized with the Yoast SEO plugin v27.1.1 - https:\/\/yoast.com\/product\/yoast-seo-wordpress\/ -->\n<title>Rentals - Feriebolig Utland<\/title>\n<meta name=\"robots\" content=\"index, follow, max-snippet:-1, max-image-preview:large, max-video-preview:-1\" \/>\n<link rel=\"canonical\" href=\"https:\/\/ferieboligutland.no\/en\/rentals-2\/\" \/>\n<meta property=\"og:locale\" content=\"en_US\" \/>\n<meta property=\"og:type\" content=\"article\" \/>\n<meta property=\"og:title\" content=\"Rentals - Feriebolig Utland\" \/>\n<meta property=\"og:description\" content=\"Vi tar saken, enten du leier eller eier Leieferiebolig.no er et nettsted for deg som vil leie en feriebolig til din neste ferietur, og et tilbud til deg som \u00f8nsker \u00e5 leie ut egen bolig. Behovet for utleieboliger av h\u00f8y kvalitet er meget bra i Spania. Det er et godt alternativ til hotell, og tilbyr [&hellip;]\" \/>\n<meta property=\"og:url\" content=\"https:\/\/ferieboligutland.no\/en\/rentals-2\/\" \/>\n<meta property=\"og:site_name\" content=\"Feriebolig Utland\" \/>\n<meta property=\"article:publisher\" content=\"https:\/\/www.facebook.com\/ferieboligutland\" \/>\n<meta property=\"article:modified_time\" content=\"2024-09-20T15:34:37+00:00\" \/>\n<meta property=\"og:image\" content=\"https:\/\/ferieboligutland.estatebud.dev\/wp-content\/uploads\/2024\/08\/DSC5075-scaled.jpg\" \/>\n<meta name=\"twitter:card\" content=\"summary_large_image\" \/>\n<meta name=\"twitter:label1\" content=\"Est. reading time\" \/>\n\t<meta name=\"twitter:data1\" content=\"2 minutes\" \/>\n<script type=\"application\/ld+json\" class=\"yoast-schema-graph\">{\"@context\":\"https:\/\/schema.org\",\"@graph\":[{\"@type\":\"WebPage\",\"@id\":\"https:\/\/ferieboligutland.no\/en\/rentals-2\/\",\"url\":\"https:\/\/ferieboligutland.no\/en\/rentals-2\/\",\"name\":\"Rentals - Feriebolig Utland\",\"isPartOf\":{\"@id\":\"https:\/\/ferieboligutland.no\/#website\"},\"primaryImageOfPage\":{\"@id\":\"https:\/\/ferieboligutland.no\/en\/rentals-2\/#primaryimage\"},\"image\":{\"@id\":\"https:\/\/ferieboligutland.no\/en\/rentals-2\/#primaryimage\"},\"thumbnailUrl\":\"https:\/\/ferieboligutland.estatebud.dev\/wp-content\/uploads\/2024\/08\/DSC5075-scaled.jpg\",\"datePublished\":\"2021-08-18T10:20:29+00:00\",\"dateModified\":\"2024-09-20T15:34:37+00:00\",\"breadcrumb\":{\"@id\":\"https:\/\/ferieboligutland.no\/en\/rentals-2\/#breadcrumb\"},\"inLanguage\":\"en-US\",\"potentialAction\":[{\"@type\":\"ReadAction\",\"target\":[\"https:\/\/ferieboligutland.no\/en\/rentals-2\/\"]}]},{\"@type\":\"ImageObject\",\"inLanguage\":\"en-US\",\"@id\":\"https:\/\/ferieboligutland.no\/en\/rentals-2\/#primaryimage\",\"url\":\"https:\/\/ferieboligutland.estatebud.dev\/wp-content\/uploads\/2024\/08\/DSC5075-scaled.jpg\",\"contentUrl\":\"https:\/\/ferieboligutland.estatebud.dev\/wp-content\/uploads\/2024\/08\/DSC5075-scaled.jpg\"},{\"@type\":\"BreadcrumbList\",\"@id\":\"https:\/\/ferieboligutland.no\/en\/rentals-2\/#breadcrumb\",\"itemListElement\":[{\"@type\":\"ListItem\",\"position\":1,\"name\":\"Home\",\"item\":\"https:\/\/ferieboligutland.no\/\"},{\"@type\":\"ListItem\",\"position\":2,\"name\":\"Rentals\"}]},{\"@type\":\"WebSite\",\"@id\":\"https:\/\/ferieboligutland.no\/#website\",\"url\":\"https:\/\/ferieboligutland.no\/\",\"name\":\"Feriebolig Utland\",\"description\":\"Service - Kunnskap - Trygghet\",\"publisher\":{\"@id\":\"https:\/\/ferieboligutland.no\/#organization\"},\"potentialAction\":[{\"@type\":\"SearchAction\",\"target\":{\"@type\":\"EntryPoint\",\"urlTemplate\":\"https:\/\/ferieboligutland.no\/?s={search_term_string}\"},\"query-input\":{\"@type\":\"PropertyValueSpecification\",\"valueRequired\":true,\"valueName\":\"search_term_string\"}}],\"inLanguage\":\"en-US\"},{\"@type\":\"Organization\",\"@id\":\"https:\/\/ferieboligutland.no\/#organization\",\"name\":\"Feriebolig Utland\",\"url\":\"https:\/\/ferieboligutland.no\/\",\"logo\":{\"@type\":\"ImageObject\",\"inLanguage\":\"en-US\",\"@id\":\"https:\/\/ferieboligutland.no\/#\/schema\/logo\/image\/\",\"url\":\"https:\/\/ferieboligutland.no\/wp-content\/uploads\/2024\/09\/logo.svg\",\"contentUrl\":\"https:\/\/ferieboligutland.no\/wp-content\/uploads\/2024\/09\/logo.svg\",\"width\":314,\"height\":72,\"caption\":\"Feriebolig Utland\"},\"image\":{\"@id\":\"https:\/\/ferieboligutland.no\/#\/schema\/logo\/image\/\"},\"sameAs\":[\"https:\/\/www.facebook.com\/ferieboligutland\"]}]}<\/script>\n<!-- \/ Yoast SEO plugin. -->","yoast_head_json":{"title":"Rentals - Feriebolig Utland","robots":{"index":"index","follow":"follow","max-snippet":"max-snippet:-1","max-image-preview":"max-image-preview:large","max-video-preview":"max-video-preview:-1"},"canonical":"https:\/\/ferieboligutland.no\/en\/rentals-2\/","og_locale":"en_US","og_type":"article","og_title":"Rentals - Feriebolig Utland","og_description":"Vi tar saken, enten du leier eller eier Leieferiebolig.no er et nettsted for deg som vil leie en feriebolig til din neste ferietur, og et tilbud til deg som \u00f8nsker \u00e5 leie ut egen bolig. Behovet for utleieboliger av h\u00f8y kvalitet er meget bra i Spania. Det er et godt alternativ til hotell, og tilbyr [&hellip;]","og_url":"https:\/\/ferieboligutland.no\/en\/rentals-2\/","og_site_name":"Feriebolig Utland","article_publisher":"https:\/\/www.facebook.com\/ferieboligutland","article_modified_time":"2024-09-20T15:34:37+00:00","og_image":[{"url":"https:\/\/ferieboligutland.estatebud.dev\/wp-content\/uploads\/2024\/08\/DSC5075-scaled.jpg","type":"","width":"","height":""}],"twitter_card":"summary_large_image","twitter_misc":{"Est. reading time":"2 minutes"},"schema":{"@context":"https:\/\/schema.org","@graph":[{"@type":"WebPage","@id":"https:\/\/ferieboligutland.no\/en\/rentals-2\/","url":"https:\/\/ferieboligutland.no\/en\/rentals-2\/","name":"Rentals - Feriebolig Utland","isPartOf":{"@id":"https:\/\/ferieboligutland.no\/#website"},"primaryImageOfPage":{"@id":"https:\/\/ferieboligutland.no\/en\/rentals-2\/#primaryimage"},"image":{"@id":"https:\/\/ferieboligutland.no\/en\/rentals-2\/#primaryimage"},"thumbnailUrl":"https:\/\/ferieboligutland.estatebud.dev\/wp-content\/uploads\/2024\/08\/DSC5075-scaled.jpg","datePublished":"2021-08-18T10:20:29+00:00","dateModified":"2024-09-20T15:34:37+00:00","breadcrumb":{"@id":"https:\/\/ferieboligutland.no\/en\/rentals-2\/#breadcrumb"},"inLanguage":"en-US","potentialAction":[{"@type":"ReadAction","target":["https:\/\/ferieboligutland.no\/en\/rentals-2\/"]}]},{"@type":"ImageObject","inLanguage":"en-US","@id":"https:\/\/ferieboligutland.no\/en\/rentals-2\/#primaryimage","url":"https:\/\/ferieboligutland.estatebud.dev\/wp-content\/uploads\/2024\/08\/DSC5075-scaled.jpg","contentUrl":"https:\/\/ferieboligutland.estatebud.dev\/wp-content\/uploads\/2024\/08\/DSC5075-scaled.jpg"},{"@type":"BreadcrumbList","@id":"https:\/\/ferieboligutland.no\/en\/rentals-2\/#breadcrumb","itemListElement":[{"@type":"ListItem","position":1,"name":"Home","item":"https:\/\/ferieboligutland.no\/"},{"@type":"ListItem","position":2,"name":"Rentals"}]},{"@type":"WebSite","@id":"https:\/\/ferieboligutland.no\/#website","url":"https:\/\/ferieboligutland.no\/","name":"Feriebolig Utland","description":"Service - Kunnskap - Trygghet","publisher":{"@id":"https:\/\/ferieboligutland.no\/#organization"},"potentialAction":[{"@type":"SearchAction","target":{"@type":"EntryPoint","urlTemplate":"https:\/\/ferieboligutland.no\/?s={search_term_string}"},"query-input":{"@type":"PropertyValueSpecification","valueRequired":true,"valueName":"search_term_string"}}],"inLanguage":"en-US"},{"@type":"Organization","@id":"https:\/\/ferieboligutland.no\/#organization","name":"Feriebolig Utland","url":"https:\/\/ferieboligutland.no\/","logo":{"@type":"ImageObject","inLanguage":"en-US","@id":"https:\/\/ferieboligutland.no\/#\/schema\/logo\/image\/","url":"https:\/\/ferieboligutland.no\/wp-content\/uploads\/2024\/09\/logo.svg","contentUrl":"https:\/\/ferieboligutland.no\/wp-content\/uploads\/2024\/09\/logo.svg","width":314,"height":72,"caption":"Feriebolig Utland"},"image":{"@id":"https:\/\/ferieboligutland.no\/#\/schema\/logo\/image\/"},"sameAs":["https:\/\/www.facebook.com\/ferieboligutland"]}]}},"_links":{"self":[{"href":"https:\/\/ferieboligutland.no\/en\/wp-json\/wp\/v2\/pages\/2006","targetHints":{"allow":["GET"]}}],"collection":[{"href":"https:\/\/ferieboligutland.no\/en\/wp-json\/wp\/v2\/pages"}],"about":[{"href":"https:\/\/ferieboligutland.no\/en\/wp-json\/wp\/v2\/types\/page"}],"author":[{"embeddable":true,"href":"https:\/\/ferieboligutland.no\/en\/wp-json\/wp\/v2\/users\/1"}],"replies":[{"embeddable":true,"href":"https:\/\/ferieboligutland.no\/en\/wp-json\/wp\/v2\/comments?post=2006"}],"version-history":[{"count":4,"href":"https:\/\/ferieboligutland.no\/en\/wp-json\/wp\/v2\/pages\/2006\/revisions"}],"predecessor-version":[{"id":3354,"href":"https:\/\/ferieboligutland.no\/en\/wp-json\/wp\/v2\/pages\/2006\/revisions\/3354"}],"wp:attachment":[{"href":"https:\/\/ferieboligutland.no\/en\/wp-json\/wp\/v2\/media?parent=2006"}],"curies":[{"name":"wp","href":"https:\/\/api.w.org\/{rel}","templated":true}]}}